{"id":66,"date":"2024-04-01T16:04:42","date_gmt":"2024-04-01T19:04:42","guid":{"rendered":"https:\/\/lionssororidade.com.br\/?page_id=66"},"modified":"2025-12-23T16:33:43","modified_gmt":"2025-12-23T19:33:43","slug":"eventos","status":"publish","type":"page","link":"https:\/\/lionssororidade.com.br\/index.php\/eventos\/","title":{"rendered":"Eventos"},"content":{"rendered":"<p>[et_pb_section fb_built=&#8221;1&#8243; _builder_version=&#8221;4.20.2&#8243; _module_preset=&#8221;_initial&#8221; background_color=&#8221;RGBA(30,35,43,0.54)&#8221; background_enable_color=&#8221;off&#8221; global_colors_info=&#8221;{}&#8221;][et_pb_row column_structure=&#8221;2_5,3_5&#8243; _builder_version=&#8221;4.19.1&#8243; _module_preset=&#8221;_initial&#8221; background_enable_color=&#8221;off&#8221; custom_margin=&#8221;-63px||-59px||false|false&#8221; global_colors_info=&#8221;{}&#8221;][et_pb_column type=&#8221;2_5&#8243; _builder_version=&#8221;4.19.1&#8243; _module_preset=&#8221;default&#8221; global_colors_info=&#8221;{}&#8221;][et_pb_image src=&#8221;https:\/\/lionssororidade.com.br\/wp-content\/uploads\/2024\/03\/lions-logo-completo.png&#8221; title_text=&#8221;lions-logo-completo&#8221; _builder_version=&#8221;4.19.1&#8243; _module_preset=&#8221;default&#8221; global_colors_info=&#8221;{}&#8221;][\/et_pb_image][\/et_pb_column][et_pb_column type=&#8221;3_5&#8243; _builder_version=&#8221;4.19.1&#8243; _module_preset=&#8221;default&#8221; global_colors_info=&#8221;{}&#8221;][et_pb_menu menu_id=&#8221;92&#8243; _builder_version=&#8221;4.24.2&#8243; _module_preset=&#8221;default&#8221; menu_font=&#8221;Montserrat||||||||&#8221; menu_text_color=&#8221;#004fa0&#8243; menu_font_size=&#8221;13px&#8221; custom_margin=&#8221;40px||||false|false&#8221; global_colors_info=&#8221;{}&#8221;][\/et_pb_menu][\/et_pb_column][\/et_pb_row][\/et_pb_section][et_pb_section fb_built=&#8221;1&#8243; _builder_version=&#8221;4.24.2&#8243; _module_preset=&#8221;_initial&#8221; background_color=&#8221;RGBA(30,35,43,0.54)&#8221; background_image=&#8221;https:\/\/lionssororidade.com.br\/wp-content\/uploads\/2024\/03\/b1.png&#8221; custom_padding=&#8221;||288px|||&#8221; bottom_divider_style=&#8221;ramp2&#8243; bottom_divider_color=&#8221;#FFFFFF&#8221; global_colors_info=&#8221;{}&#8221;][et_pb_row _builder_version=&#8221;4.24.2&#8243; _module_preset=&#8221;default&#8221; global_colors_info=&#8221;{}&#8221;][et_pb_column type=&#8221;4_4&#8243; _builder_version=&#8221;4.24.2&#8243; _module_preset=&#8221;default&#8221; global_colors_info=&#8221;{}&#8221;][et_pb_text _builder_version=&#8221;4.24.2&#8243; _module_preset=&#8221;_initial&#8221; text_font=&#8221;Quicksand|800||on|||||&#8221; header_font=&#8221;Allerta||||||||&#8221; header_text_color=&#8221;#ffcc00&#8243; header_font_size=&#8221;42px&#8221; header_line_height=&#8221;2em&#8221; custom_margin=&#8221;11px|||-74px|false|false&#8221; locked=&#8221;off&#8221; global_colors_info=&#8221;{}&#8221;]<\/p>\n<h1>EVENTOS<\/h1>\n<p>[\/et_pb_text][\/et_pb_column][\/et_pb_row][et_pb_row _builder_version=&#8221;4.24.2&#8243; _module_preset=&#8221;default&#8221; global_colors_info=&#8221;{}&#8221;][et_pb_column type=&#8221;4_4&#8243; _builder_version=&#8221;4.24.2&#8243; _module_preset=&#8221;default&#8221; global_colors_info=&#8221;{}&#8221;][et_pb_gallery gallery_ids=&#8221;125,126,127,128,129,130,131,132,133,134,135,136,137,138,139,140,141,142,143,144&#8243; posts_number=&#8221;20&#8243; show_title_and_caption=&#8221;off&#8221; show_pagination=&#8221;off&#8221; _builder_version=&#8221;4.24.2&#8243; _module_preset=&#8221;default&#8221; transform_scale=&#8221;113%|113%&#8221; transform_translate=&#8221;0px|72px&#8221; transform_translate_linked=&#8221;off&#8221; global_colors_info=&#8221;{}&#8221;][\/et_pb_gallery][\/et_pb_column][\/et_pb_row][\/et_pb_section][et_pb_section fb_built=&#8221;1&#8243; _builder_version=&#8221;4.20.2&#8243; _module_preset=&#8221;_initial&#8221; background_color=&#8221;#FFFFFF&#8221; bottom_divider_style=&#8221;ramp2&#8243; bottom_divider_color=&#8221;#1f4e9e&#8221; bottom_divider_height=&#8221;84px&#8221; global_colors_info=&#8221;{}&#8221;][et_pb_row column_structure=&#8221;1_2,1_2&#8243; _builder_version=&#8221;4.17.4&#8243; _module_preset=&#8221;_initial&#8221; background_enable_color=&#8221;off&#8221; global_colors_info=&#8221;{}&#8221;][et_pb_column type=&#8221;1_2&#8243; _builder_version=&#8221;4.17.4&#8243; _module_preset=&#8221;default&#8221; global_colors_info=&#8221;{}&#8221;][et_pb_text _builder_version=&#8221;4.24.2&#8243; _module_preset=&#8221;_initial&#8221; text_font=&#8221;Quicksand|800||on|||||&#8221; header_font=&#8221;Allerta||||||||&#8221; header_text_color=&#8221;#0c3baf&#8221; header_font_size=&#8221;42px&#8221; header_line_height=&#8221;2em&#8221; custom_margin=&#8221;11px||||false|false&#8221; global_colors_info=&#8221;{}&#8221;]<\/p>\n<h1>Fale conosco!<\/h1>\n<p>[\/et_pb_text][\/et_pb_column][et_pb_column type=&#8221;1_2&#8243; _builder_version=&#8221;4.17.4&#8243; _module_preset=&#8221;default&#8221; global_colors_info=&#8221;{}&#8221;][et_pb_contact_form _builder_version=&#8221;4.24.2&#8243; _module_preset=&#8221;default&#8221; _unique_id=&#8221;2ac64316-ceff-49f3-a7d4-4e8f65302cbb&#8221; form_field_background_color=&#8221;#1f4e9e&#8221; form_field_text_color=&#8221;#FFFFFF&#8221; form_field_focus_background_color=&#8221;#1f4e9e&#8221; form_field_focus_text_color=&#8221;#FFFFFF&#8221; form_field_font_size=&#8221;15px&#8221; form_field_line_height=&#8221;1.5em&#8221; custom_button=&#8221;on&#8221; button_text_color=&#8221;#1f4e9e&#8221; button_bg_color=&#8221;#fccb05&#8243; button_border_width=&#8221;2px&#8221; button_border_radius=&#8221;100px&#8221; hover_enabled=&#8221;0&#8243; border_radii=&#8221;on|20px|20px|20px|20px&#8221; global_colors_info=&#8221;{}&#8221; sticky_enabled=&#8221;0&#8243; email=&#8221;sororidadelions@gmail.com&#8221;][et_pb_contact_field field_id=&#8221;Name&#8221; field_title=&#8221;Nome&#8221; fullwidth_field=&#8221;on&#8221; _builder_version=&#8221;4.24.2&#8243; _module_preset=&#8221;default&#8221; hover_enabled=&#8221;0&#8243; global_colors_info=&#8221;{}&#8221; button_text_size__hover_enabled=&#8221;off&#8221; button_one_text_size__hover_enabled=&#8221;off&#8221; button_two_text_size__hover_enabled=&#8221;off&#8221; button_text_color__hover_enabled=&#8221;off&#8221; button_one_text_color__hover_enabled=&#8221;off&#8221; button_two_text_color__hover_enabled=&#8221;off&#8221; button_border_width__hover_enabled=&#8221;off&#8221; button_one_border_width__hover_enabled=&#8221;off&#8221; button_two_border_width__hover_enabled=&#8221;off&#8221; button_border_color__hover_enabled=&#8221;off&#8221; button_one_border_color__hover_enabled=&#8221;off&#8221; button_two_border_color__hover_enabled=&#8221;off&#8221; button_border_radius__hover_enabled=&#8221;off&#8221; button_one_border_radius__hover_enabled=&#8221;off&#8221; button_two_border_radius__hover_enabled=&#8221;off&#8221; button_letter_spacing__hover_enabled=&#8221;off&#8221; button_one_letter_spacing__hover_enabled=&#8221;off&#8221; button_two_letter_spacing__hover_enabled=&#8221;off&#8221; button_bg_color__hover_enabled=&#8221;off&#8221; button_one_bg_color__hover_enabled=&#8221;off&#8221; button_two_bg_color__hover_enabled=&#8221;off&#8221; sticky_enabled=&#8221;0&#8243; form_field_background_color=&#8221;#1f4e9e&#8221; form_field_focus_text_color=&#8221;#FFFFFF&#8221; form_field_focus_background_color=&#8221;#1f4e9e&#8221;][\/et_pb_contact_field][et_pb_contact_field field_id=&#8221;Email&#8221; field_title=&#8221;E-mail&#8221; field_type=&#8221;email&#8221; fullwidth_field=&#8221;on&#8221; _builder_version=&#8221;4.17.4&#8243; _module_preset=&#8221;default&#8221; global_colors_info=&#8221;{}&#8221; button_text_size__hover_enabled=&#8221;off&#8221; button_one_text_size__hover_enabled=&#8221;off&#8221; button_two_text_size__hover_enabled=&#8221;off&#8221; button_text_color__hover_enabled=&#8221;off&#8221; button_one_text_color__hover_enabled=&#8221;off&#8221; button_two_text_color__hover_enabled=&#8221;off&#8221; button_border_width__hover_enabled=&#8221;off&#8221; button_one_border_width__hover_enabled=&#8221;off&#8221; button_two_border_width__hover_enabled=&#8221;off&#8221; button_border_color__hover_enabled=&#8221;off&#8221; button_one_border_color__hover_enabled=&#8221;off&#8221; button_two_border_color__hover_enabled=&#8221;off&#8221; button_border_radius__hover_enabled=&#8221;off&#8221; button_one_border_radius__hover_enabled=&#8221;off&#8221; button_two_border_radius__hover_enabled=&#8221;off&#8221; button_letter_spacing__hover_enabled=&#8221;off&#8221; button_one_letter_spacing__hover_enabled=&#8221;off&#8221; button_two_letter_spacing__hover_enabled=&#8221;off&#8221; button_bg_color__hover_enabled=&#8221;off&#8221; button_one_bg_color__hover_enabled=&#8221;off&#8221; button_two_bg_color__hover_enabled=&#8221;off&#8221;][\/et_pb_contact_field][et_pb_contact_field field_id=&#8221;Message&#8221; field_title=&#8221;Mensagem&#8221; field_type=&#8221;text&#8221; fullwidth_field=&#8221;on&#8221; _builder_version=&#8221;4.17.4&#8243; _module_preset=&#8221;default&#8221; global_colors_info=&#8221;{}&#8221; button_text_size__hover_enabled=&#8221;off&#8221; button_one_text_size__hover_enabled=&#8221;off&#8221; button_two_text_size__hover_enabled=&#8221;off&#8221; button_text_color__hover_enabled=&#8221;off&#8221; button_one_text_color__hover_enabled=&#8221;off&#8221; button_two_text_color__hover_enabled=&#8221;off&#8221; button_border_width__hover_enabled=&#8221;off&#8221; button_one_border_width__hover_enabled=&#8221;off&#8221; button_two_border_width__hover_enabled=&#8221;off&#8221; button_border_color__hover_enabled=&#8221;off&#8221; button_one_border_color__hover_enabled=&#8221;off&#8221; button_two_border_color__hover_enabled=&#8221;off&#8221; button_border_radius__hover_enabled=&#8221;off&#8221; button_one_border_radius__hover_enabled=&#8221;off&#8221; button_two_border_radius__hover_enabled=&#8221;off&#8221; button_letter_spacing__hover_enabled=&#8221;off&#8221; button_one_letter_spacing__hover_enabled=&#8221;off&#8221; button_two_letter_spacing__hover_enabled=&#8221;off&#8221; button_bg_color__hover_enabled=&#8221;off&#8221; button_one_bg_color__hover_enabled=&#8221;off&#8221; button_two_bg_color__hover_enabled=&#8221;off&#8221;][\/et_pb_contact_field][\/et_pb_contact_form][\/et_pb_column][\/et_pb_row][\/et_pb_section][et_pb_section fb_built=&#8221;1&#8243; _builder_version=&#8221;4.17.4&#8243; _module_preset=&#8221;_initial&#8221; background_color=&#8221;#1f4e9e&#8221; global_colors_info=&#8221;{}&#8221;][et_pb_row column_structure=&#8221;1_2,1_2&#8243; _builder_version=&#8221;4.24.2&#8243; _module_preset=&#8221;_initial&#8221; background_enable_color=&#8221;off&#8221; global_colors_info=&#8221;{}&#8221;][et_pb_column type=&#8221;1_2&#8243; _builder_version=&#8221;4.17.4&#8243; _module_preset=&#8221;default&#8221; global_colors_info=&#8221;{}&#8221;][et_pb_text _builder_version=&#8221;4.24.2&#8243; _module_preset=&#8221;_initial&#8221; text_font=&#8221;Anaheim||||||||&#8221; text_text_color=&#8221;#FFFFFF&#8221; text_font_size=&#8221;20px&#8221; text_line_height=&#8221;0.5em&#8221; global_colors_info=&#8221;{}&#8221;]<\/p>\n<p><span style=\"color: #ffffff;\"><a href=\"https:\/\/lionssororidade.com.br\/index.php\/quem-somos\/\" style=\"color: #ffffff;\">QUEM SOMOS<\/a><\/span><\/p>\n<p><span style=\"color: #ffffff;\"><a href=\"https:\/\/lionssororidade.com.br\/index.php\/projetos\/\" style=\"color: #ffffff;\">PROJETOS<\/a><\/span><\/p>\n<p><span style=\"color: #ffffff;\"><a href=\"https:\/\/lionssororidade.com.br\/index.php\/associados\/\" style=\"color: #ffffff;\">ASSOCIADAS<\/a><\/span><\/p>\n<p><span style=\"color: #ffffff;\"><a href=\"https:\/\/lionssororidade.com.br\/index.php\/parceiros\/\" style=\"color: #ffffff;\">PARCEIROS<\/a><\/span><\/p>\n<p>[\/et_pb_text][\/et_pb_column][et_pb_column type=&#8221;1_2&#8243; _builder_version=&#8221;4.17.4&#8243; _module_preset=&#8221;default&#8221; global_colors_info=&#8221;{}&#8221;][et_pb_social_media_follow _builder_version=&#8221;4.24.2&#8243; _module_preset=&#8221;default&#8221; text_orientation=&#8221;right&#8221; global_colors_info=&#8221;{}&#8221;][et_pb_social_media_follow_network social_network=&#8221;instagram&#8221; url=&#8221;https:\/\/www.instagram.com\/lionssororidade\/&#8221; use_icon_font_size=&#8221;on&#8221; icon_font_size=&#8221;20px&#8221; _builder_version=&#8221;4.24.2&#8243; _module_preset=&#8221;default&#8221; background_enable_color=&#8221;off&#8221; border_radii=&#8221;on|100px|100px|100px|100px&#8221; border_width_all=&#8221;3px&#8221; border_color_all=&#8221;#FFFFFF&#8221; global_colors_info=&#8221;{}&#8221; follow_button=&#8221;off&#8221; url_new_window=&#8221;on&#8221;]instagram[\/et_pb_social_media_follow_network][et_pb_social_media_follow_network social_network=&#8221;linkedin&#8221; url=&#8221;https:\/\/www.linkedin.com\/company\/lionsororidade\/&#8221; use_icon_font_size=&#8221;on&#8221; icon_font_size=&#8221;20px&#8221; _builder_version=&#8221;4.24.2&#8243; _module_preset=&#8221;default&#8221; background_enable_color=&#8221;off&#8221; border_radii=&#8221;on|100px|100px|100px|100px&#8221; border_width_all=&#8221;3px&#8221; border_color_all=&#8221;#FFFFFF&#8221; global_colors_info=&#8221;{}&#8221; follow_button=&#8221;off&#8221; url_new_window=&#8221;on&#8221;]linkedin[\/et_pb_social_media_follow_network][\/et_pb_social_media_follow][et_pb_text _builder_version=&#8221;4.19.1&#8243; _module_preset=&#8221;_initial&#8221; text_font=&#8221;Lato||||||||&#8221; text_text_color=&#8221;#a3a3a3&#8243; text_font_size=&#8221;18px&#8221; text_orientation=&#8221;right&#8221; custom_padding=&#8221;||20px|||&#8221; locked=&#8221;off&#8221; global_colors_info=&#8221;{}&#8221;]<\/p>\n<p>S\u00e3o Paulo \/ SP<\/p>\n<p>[\/et_pb_text][et_pb_image src=&#8221;https:\/\/lionssororidade.com.br\/wp-content\/uploads\/2024\/03\/lions-logo.png&#8221; title_text=&#8221;lions-logo&#8221; _builder_version=&#8221;4.17.4&#8243; _module_preset=&#8221;default&#8221; width=&#8221;32%&#8221; module_alignment=&#8221;right&#8221; global_colors_info=&#8221;{}&#8221;][\/et_pb_image][\/et_pb_column][\/et_pb_row][\/et_pb_section][et_pb_section fb_built=&#8221;1&#8243; _builder_version=&#8221;4.17.4&#8243; _module_preset=&#8221;_initial&#8221; background_color=&#8221;#000000&#8243; max_height=&#8221;100px&#8221; global_colors_info=&#8221;{}&#8221;][et_pb_row column_structure=&#8221;1_4,1_4,1_4,1_4&#8243; _builder_version=&#8221;4.17.4&#8243; _module_preset=&#8221;_initial&#8221; background_enable_color=&#8221;off&#8221; custom_margin=&#8221;-63px||||false|false&#8221; global_colors_info=&#8221;{}&#8221;][et_pb_column type=&#8221;1_4&#8243; _builder_version=&#8221;4.17.4&#8243; _module_preset=&#8221;default&#8221; global_colors_info=&#8221;{}&#8221;][\/et_pb_column][et_pb_column type=&#8221;1_4&#8243; _builder_version=&#8221;4.17.4&#8243; _module_preset=&#8221;default&#8221; global_colors_info=&#8221;{}&#8221;][\/et_pb_column][et_pb_column type=&#8221;1_4&#8243; _builder_version=&#8221;4.17.4&#8243; _module_preset=&#8221;default&#8221; global_colors_info=&#8221;{}&#8221;][et_pb_text _builder_version=&#8221;4.17.4&#8243; _module_preset=&#8221;_initial&#8221; text_font=&#8221;Quicksand|800||on|||||&#8221; text_text_color=&#8221;#FFFFFF&#8221; header_text_color=&#8221;#000000&#8243; module_alignment=&#8221;right&#8221; global_colors_info=&#8221;{}&#8221;]<\/p>\n<p style=\"text-align: right;\">Desenvolvido por<\/p>\n<p>[\/et_pb_text][\/et_pb_column][et_pb_column type=&#8221;1_4&#8243; _builder_version=&#8221;4.17.4&#8243; _module_preset=&#8221;default&#8221; global_colors_info=&#8221;{}&#8221;][et_pb_image src=&#8221;https:\/\/lionssororidade.com.br\/wp-content\/uploads\/2024\/03\/logo_top-mymkt.png&#8221; title_text=&#8221;logo_top-mymkt&#8221; _builder_version=&#8221;4.24.2&#8243; _module_preset=&#8221;default&#8221; hover_enabled=&#8221;0&#8243; global_colors_info=&#8221;{}&#8221; url=&#8221;https:\/\/mymarketingdigital.com.br\/&#8221; sticky_enabled=&#8221;0&#8243;][\/et_pb_image][\/et_pb_column][\/et_pb_row][\/et_pb_section]<\/p>\n","protected":false},"excerpt":{"rendered":"<p>EVENTOSFale conosco!QUEM SOMOS PROJETOS ASSOCIADAS PARCEIROSS\u00e3o Paulo \/ SPDesenvolvido por<\/p>\n","protected":false},"author":1,"featured_media":0,"parent":0,"menu_order":0,"comment_status":"closed","ping_status":"open","template":"page-template-blank.php","meta":{"_et_pb_use_builder":"on","_et_pb_old_content":"<!-- wp:paragraph -->\r\n<p>Esta \u00e9 uma p\u00e1gina de exemplo. \u00c9 diferente de um post no blog porque ela permanecer\u00e1 em um lugar e aparecer\u00e1 na navega\u00e7\u00e3o do seu site na maioria dos temas. Muitas pessoas come\u00e7am com uma p\u00e1gina que as apresenta a poss\u00edveis visitantes do site. Ela pode dizer algo assim:<\/p>\r\n<!-- \/wp:paragraph --><!-- wp:quote -->\r\n<blockquote class=\"wp-block-quote\">\r\n<p>Ol\u00e1! Eu sou um mensageiro de bicicleta durante o dia, ator aspirante \u00e0 noite, e este \u00e9 o meu site. Eu moro em S\u00e3o Paulo, tenho um grande cachorro chamado Rex e gosto de tomar caipirinha (e banhos de chuva).<\/p>\r\n<\/blockquote>\r\n<!-- \/wp:quote --><!-- wp:paragraph -->\r\n<p>...ou alguma coisa assim:<\/p>\r\n<!-- \/wp:paragraph --><!-- wp:quote -->\r\n<blockquote class=\"wp-block-quote\">\r\n<p>A Companhia de Miniaturas XYZ foi fundada em 1971, e desde ent\u00e3o tem fornecido miniaturas de qualidade ao p\u00fablico. Localizada na cidade de Itu, a XYZ emprega mais de 2.000 pessoas e faz coisas grandiosas para a comunidade da cidade.<\/p>\r\n<\/blockquote>\r\n<!-- \/wp:quote --><!-- wp:paragraph -->\r\n<p>Como um novo usu\u00e1rio do WordPress, voc\u00ea deveria ir ao <a href=\"https:\/\/lionssororidade.com.br\/wp-admin\/\">painel<\/a> para excluir essa p\u00e1gina e criar novas p\u00e1ginas para o seu conte\u00fado. Divirta-se!<\/p>\r\n<!-- \/wp:paragraph -->","_et_gb_content_width":"","footnotes":""},"class_list":["post-66","page","type-page","status-publish","hentry"],"yoast_head":"<!-- This site is optimized with the Yoast SEO plugin v26.6 - https:\/\/yoast.com\/wordpress\/plugins\/seo\/ -->\n<title>Eventos - Lions Sororidade<\/title>\n<meta name=\"robots\" content=\"index, follow, max-snippet:-1, max-image-preview:large, max-video-preview:-1\" \/>\n<link rel=\"canonical\" href=\"https:\/\/lionssororidade.com.br\/index.php\/eventos\/\" \/>\n<meta property=\"og:locale\" content=\"en_US\" \/>\n<meta property=\"og:type\" content=\"article\" \/>\n<meta property=\"og:title\" content=\"Eventos - Lions Sororidade\" \/>\n<meta property=\"og:description\" content=\"EVENTOSFale conosco!QUEM SOMOS PROJETOS ASSOCIADAS PARCEIROSS\u00e3o Paulo \/ SPDesenvolvido por\" \/>\n<meta property=\"og:url\" content=\"https:\/\/lionssororidade.com.br\/index.php\/eventos\/\" \/>\n<meta property=\"og:site_name\" content=\"Lions Sororidade\" \/>\n<meta property=\"article:publisher\" content=\"https:\/\/www.facebook.com\/people\/Lions-Sororidade-Social\/100081710782257\/\" \/>\n<meta property=\"article:modified_time\" content=\"2025-12-23T19:33:43+00:00\" \/>\n<meta name=\"twitter:card\" content=\"summary_large_image\" \/>\n<meta name=\"twitter:label1\" content=\"Est. reading time\" \/>\n\t<meta name=\"twitter:data1\" content=\"5 minutes\" \/>\n<script type=\"application\/ld+json\" class=\"yoast-schema-graph\">{\"@context\":\"https:\/\/schema.org\",\"@graph\":[{\"@type\":\"WebPage\",\"@id\":\"https:\/\/lionssororidade.com.br\/index.php\/eventos\/\",\"url\":\"https:\/\/lionssororidade.com.br\/index.php\/eventos\/\",\"name\":\"Eventos - Lions Sororidade\",\"isPartOf\":{\"@id\":\"https:\/\/lionssororidade.com.br\/#website\"},\"datePublished\":\"2024-04-01T19:04:42+00:00\",\"dateModified\":\"2025-12-23T19:33:43+00:00\",\"breadcrumb\":{\"@id\":\"https:\/\/lionssororidade.com.br\/index.php\/eventos\/#breadcrumb\"},\"inLanguage\":\"en-US\",\"potentialAction\":[{\"@type\":\"ReadAction\",\"target\":[\"https:\/\/lionssororidade.com.br\/index.php\/eventos\/\"]}]},{\"@type\":\"BreadcrumbList\",\"@id\":\"https:\/\/lionssororidade.com.br\/index.php\/eventos\/#breadcrumb\",\"itemListElement\":[{\"@type\":\"ListItem\",\"position\":1,\"name\":\"Home\",\"item\":\"https:\/\/lionssororidade.com.br\/\"},{\"@type\":\"ListItem\",\"position\":2,\"name\":\"Eventos\"}]},{\"@type\":\"WebSite\",\"@id\":\"https:\/\/lionssororidade.com.br\/#website\",\"url\":\"https:\/\/lionssororidade.com.br\/\",\"name\":\"Lions Sororidade\",\"description\":\"\",\"publisher\":{\"@id\":\"https:\/\/lionssororidade.com.br\/#organization\"},\"potentialAction\":[{\"@type\":\"SearchAction\",\"target\":{\"@type\":\"EntryPoint\",\"urlTemplate\":\"https:\/\/lionssororidade.com.br\/?s={search_term_string}\"},\"query-input\":{\"@type\":\"PropertyValueSpecification\",\"valueRequired\":true,\"valueName\":\"search_term_string\"}}],\"inLanguage\":\"en-US\"},{\"@type\":\"Organization\",\"@id\":\"https:\/\/lionssororidade.com.br\/#organization\",\"name\":\"Lions Sororidade\",\"url\":\"https:\/\/lionssororidade.com.br\/\",\"logo\":{\"@type\":\"ImageObject\",\"inLanguage\":\"en-US\",\"@id\":\"https:\/\/lionssororidade.com.br\/#\/schema\/logo\/image\/\",\"url\":\"https:\/\/lionssororidade.com.br\/wp-content\/uploads\/2024\/03\/lions-logo-completo.png\",\"contentUrl\":\"https:\/\/lionssororidade.com.br\/wp-content\/uploads\/2024\/03\/lions-logo-completo.png\",\"width\":3897,\"height\":900,\"caption\":\"Lions Sororidade\"},\"image\":{\"@id\":\"https:\/\/lionssororidade.com.br\/#\/schema\/logo\/image\/\"},\"sameAs\":[\"https:\/\/www.facebook.com\/people\/Lions-Sororidade-Social\/100081710782257\/\",\"https:\/\/www.instagram.com\/lionssororidade\/\"]}]}<\/script>\n<!-- \/ Yoast SEO plugin. -->","yoast_head_json":{"title":"Eventos - Lions Sororidade","robots":{"index":"index","follow":"follow","max-snippet":"max-snippet:-1","max-image-preview":"max-image-preview:large","max-video-preview":"max-video-preview:-1"},"canonical":"https:\/\/lionssororidade.com.br\/index.php\/eventos\/","og_locale":"en_US","og_type":"article","og_title":"Eventos - Lions Sororidade","og_description":"EVENTOSFale conosco!QUEM SOMOS PROJETOS ASSOCIADAS PARCEIROSS\u00e3o Paulo \/ SPDesenvolvido por","og_url":"https:\/\/lionssororidade.com.br\/index.php\/eventos\/","og_site_name":"Lions Sororidade","article_publisher":"https:\/\/www.facebook.com\/people\/Lions-Sororidade-Social\/100081710782257\/","article_modified_time":"2025-12-23T19:33:43+00:00","twitter_card":"summary_large_image","twitter_misc":{"Est. reading time":"5 minutes"},"schema":{"@context":"https:\/\/schema.org","@graph":[{"@type":"WebPage","@id":"https:\/\/lionssororidade.com.br\/index.php\/eventos\/","url":"https:\/\/lionssororidade.com.br\/index.php\/eventos\/","name":"Eventos - Lions Sororidade","isPartOf":{"@id":"https:\/\/lionssororidade.com.br\/#website"},"datePublished":"2024-04-01T19:04:42+00:00","dateModified":"2025-12-23T19:33:43+00:00","breadcrumb":{"@id":"https:\/\/lionssororidade.com.br\/index.php\/eventos\/#breadcrumb"},"inLanguage":"en-US","potentialAction":[{"@type":"ReadAction","target":["https:\/\/lionssororidade.com.br\/index.php\/eventos\/"]}]},{"@type":"BreadcrumbList","@id":"https:\/\/lionssororidade.com.br\/index.php\/eventos\/#breadcrumb","itemListElement":[{"@type":"ListItem","position":1,"name":"Home","item":"https:\/\/lionssororidade.com.br\/"},{"@type":"ListItem","position":2,"name":"Eventos"}]},{"@type":"WebSite","@id":"https:\/\/lionssororidade.com.br\/#website","url":"https:\/\/lionssororidade.com.br\/","name":"Lions Sororidade","description":"","publisher":{"@id":"https:\/\/lionssororidade.com.br\/#organization"},"potentialAction":[{"@type":"SearchAction","target":{"@type":"EntryPoint","urlTemplate":"https:\/\/lionssororidade.com.br\/?s={search_term_string}"},"query-input":{"@type":"PropertyValueSpecification","valueRequired":true,"valueName":"search_term_string"}}],"inLanguage":"en-US"},{"@type":"Organization","@id":"https:\/\/lionssororidade.com.br\/#organization","name":"Lions Sororidade","url":"https:\/\/lionssororidade.com.br\/","logo":{"@type":"ImageObject","inLanguage":"en-US","@id":"https:\/\/lionssororidade.com.br\/#\/schema\/logo\/image\/","url":"https:\/\/lionssororidade.com.br\/wp-content\/uploads\/2024\/03\/lions-logo-completo.png","contentUrl":"https:\/\/lionssororidade.com.br\/wp-content\/uploads\/2024\/03\/lions-logo-completo.png","width":3897,"height":900,"caption":"Lions Sororidade"},"image":{"@id":"https:\/\/lionssororidade.com.br\/#\/schema\/logo\/image\/"},"sameAs":["https:\/\/www.facebook.com\/people\/Lions-Sororidade-Social\/100081710782257\/","https:\/\/www.instagram.com\/lionssororidade\/"]}]}},"_links":{"self":[{"href":"https:\/\/lionssororidade.com.br\/index.php\/wp-json\/wp\/v2\/pages\/66","targetHints":{"allow":["GET"]}}],"collection":[{"href":"https:\/\/lionssororidade.com.br\/index.php\/wp-json\/wp\/v2\/pages"}],"about":[{"href":"https:\/\/lionssororidade.com.br\/index.php\/wp-json\/wp\/v2\/types\/page"}],"author":[{"embeddable":true,"href":"https:\/\/lionssororidade.com.br\/index.php\/wp-json\/wp\/v2\/users\/1"}],"replies":[{"embeddable":true,"href":"https:\/\/lionssororidade.com.br\/index.php\/wp-json\/wp\/v2\/comments?post=66"}],"version-history":[{"count":11,"href":"https:\/\/lionssororidade.com.br\/index.php\/wp-json\/wp\/v2\/pages\/66\/revisions"}],"predecessor-version":[{"id":304,"href":"https:\/\/lionssororidade.com.br\/index.php\/wp-json\/wp\/v2\/pages\/66\/revisions\/304"}],"wp:attachment":[{"href":"https:\/\/lionssororidade.com.br\/index.php\/wp-json\/wp\/v2\/media?parent=66"}],"curies":[{"name":"wp","href":"https:\/\/api.w.org\/{rel}","templated":true}]}}